{"id":3743,"date":"2023-12-12T21:24:52","date_gmt":"2023-12-12T21:24:52","guid":{"rendered":"https:\/\/paginasmonterrey.com\/bermex\/?page_id=3743"},"modified":"2024-06-05T19:30:04","modified_gmt":"2024-06-05T19:30:04","slug":"reels","status":"publish","type":"page","link":"https:\/\/bermex.mx\/en\/reels\/","title":{"rendered":"Reels"},"content":{"rendered":"<section class=\"wpb-content-wrapper\"><section data-vc-full-width=\"true\" data-vc-full-width-init=\"false\" data-jarallax-video=\"mp4:https:\/\/paginasmonterrey.com\/bermex\/wp-content\/uploads\/2023\/12\/1212aa.mp4\" data-speed=\"0.4\" data-vc-parallax-image=\"mp4:https:\/\/paginasmonterrey.com\/bermex\/wp-content\/uploads\/2023\/12\/1212aa.mp4\" class=\"vc_section vc_section_visible vc_custom_1710865694983 vc_section-has-fill vc_video-bg-container2 jarallax bg-gradient-primary\" data-section-name=\"\"><div class=\"pix_element_overlay  bg-gradient-primary\" style=\"pointer-events:none;;position:absolute;width:100%;height:100%;top:0;left:0;opacity:0.85;\"><\/div><div class=\"pix-divider pix-bottom-divider\" data-style=\"style-dynamic\" style=\"bottom:-1px;\"><div class=\"pix-dividers-box\" >\n                    <svg class=\"pix-shape-dividers\"  viewbox=\"0 0 100 100\" preserveaspectratio=\"none\">\n                        <defs><\/defs><path d=\"\" class=\"\" fill=\"rgba(255,255,255,0.25)\"><\/path><path d=\"\" class=\"\" fill=\"rgba(255,255,255,0.5)\"><\/path><path d=\"\" class=\"\" fill=\"#ffffff\"><\/path>\n                    <\/svg>\n                <\/div><\/div><div data-vc-full-width=\"true\" data-vc-full-width-init=\"false\" data-vc-stretch-content=\"true\" class=\"vc_row wpb_row vc_row-fluid vc_row_visible vc_row-no-padding\"><div class=\"wpb_column vc_column_container vc_col-sm-12 text-center\"><div class=\"vc_column-inner\"><div class=\"wpb_wrapper\"><span class=\"pix-badge-element h6 d-inline-block mr-1 animate-in\" data-anim-type=\"fade-in-up\" data-anim-delay=\"0\"><span class=\"badge font-weight-bold secondary-font bg-light-opacity-2  vc_custom_1588954115831\" style=\" \"><span class=\"text-white\" style=\"\">Join the elites<\/span><\/span><\/span><div id=\"el1702408389263-baf7d659-90de\" class=\"mb-3 text-center  vc_custom_1702418035278\"><h2 class=\"mb-32 pix-sliding-headline-2 animate-in font-weight-bold secondary-font\" data-anim-type=\"pix-sliding-text\" pix-anim-delay=\"500\" data-class=\"secondary-font text-white\" style=\"\"><span class=\"slide-in-container\"><span class=\"pix-sliding-item secondary-font text-white\" style=\"transition-delay: 0ms;\">Reels&#32;<\/span><\/span> <\/h2><\/div><div class=\"pix-el-text w-100 text-center\" ><p class=\"text-20  text-light-opacity-5 text-center\" ><span class=\"text-light-opacity-5 animate-in d-inline-block\" data-anim-delay=\"200\" data-anim-type=\"fade-in-up\">Explore our exclusive Reels section and immerse yourself in the essence of your Bermex experiences.<\/span><\/p><\/div><\/div><\/div><\/div><\/div><div class=\"vc_row-full-width vc_clearfix\"><\/div><\/section><div class=\"vc_row-full-width vc_clearfix\"><\/div><section data-vc-full-width=\"true\" data-vc-full-width-init=\"false\" class=\"vc_section vc_section_visible vc_custom_1711496437331\" data-section-name=\"\"><div class=\"pix_element_overlay  bg-white\" style=\"pointer-events:none;;position:absolute;width:100%;height:100%;top:0;left:0;opacity:1;\"><\/div><div id=\"slider-reels\" data-vc-full-width=\"true\" data-vc-full-width-init=\"false\" class=\"vc_row wpb_row vc_row-fluid vc_row_visible vc_custom_1710543023041\"><div class=\"pix_element_overlay  bg-white\" style=\"pointer-events:none;position:absolute;width:100%;height:100%;top:0;left:0;opacity:1;\"><\/div><div class=\"wpb_column vc_column_container vc_col-sm-12 text-center\"><div class=\"vc_column-inner\"><div class=\"pix_element_overlay  bg-white\" style=\"pointer-events:none;position:absolute;width:100%;height:100%;top:0;left:0;opacity:1;\"><\/div><div class=\"wpb_wrapper\">\r\n        <style>\r\n        \t.unique-carousel-71 .owl-next, .unique-carousel-71 .owl-prev{\r\n        \t\tbackground:   !important;\r\n        \t\tcolor:  !important;\r\n        \t}\r\n\r\n        \t.unique-carousel-71.owl-theme .owl-dots .owl-dot.active span, .unique-carousel-71.owl-theme .owl-dots .owl-dot:hover span{\r\n        \t\tbackground:  !important;\r\n        \t}\r\n\r\n        \t.owl-next, .owl-prev{\r\n        \t\ttop: 40%;\r\n        \t}\r\n        <\/style>\r\n        <div class=\"wdo-carosuel-container unique-carousel-71 owl-carousel owl-theme\">\r\n        \t\t\t\t\r\n\t\t<div class=\"item\">\r\n\t\t\t<a class=\"text-left\"  aria-label=\"icon\" href=\"https:\/\/bermex.mx\/en\/reels\/#pix-tab-cancun-holbox\" target=\"\"><div id=\"duo-icon-149672199\" class=\"pix-icon text-left  vc_custom_1716491490751\"><div class=\"feature_img\"   style=\"width:90px;height:auto;display:inline-block;position:relative;\"><img style=\"width:90px;height:90px;\" class=\"img-fluid2 pix-fit-cover rounded-circle\" src=\"https:\/\/bermex.mx\/wp-content\/uploads\/2024\/01\/Captura-de-Pantalla-2024-01-03-a-las-16.11.08.png\" alt=\"\"><\/div><\/div><\/a>\t\t<\/div>\r\n\r\n\t\t\t\t\t\r\n\t\t<div class=\"item\">\r\n\t\t\t<a class=\"text-left\"  aria-label=\"icon\" href=\"https:\/\/bermex.mx\/en\/reels\/#pix-tab-cancun\" target=\"\"><div id=\"duo-icon-42428553\" class=\"pix-icon text-left  vc_custom_1716491505556\"><div class=\"feature_img\"   style=\"width:90px;height:auto;display:inline-block;position:relative;\"><img style=\"width:90px;height:90px;\" class=\"img-fluid2 pix-fit-cover rounded-circle\" src=\"https:\/\/bermex.mx\/wp-content\/uploads\/2024\/01\/Captura-de-Pantalla-2024-01-03-a-las-16.27.32.png\" alt=\"\"><\/div><\/div><\/a>\t\t<\/div>\r\n\r\n\t\t\t\t\t\r\n\t\t<div class=\"item\">\r\n\t\t\t<a class=\"text-left\"  aria-label=\"icon\" href=\"https:\/\/bermex.mx\/en\/reels\/#pix-tab-vuelo-holbox\" target=\"\"><div id=\"duo-icon-70282067\" class=\"pix-icon text-left  vc_custom_1716491528928\"><div class=\"feature_img\"   style=\"width:90px;height:auto;display:inline-block;position:relative;\"><img style=\"width:90px;height:90px;\" class=\"img-fluid2 pix-fit-cover rounded-circle\" src=\"https:\/\/bermex.mx\/wp-content\/uploads\/2024\/01\/Captura-de-Pantalla-2024-01-03-a-las-17.42.10.png\" alt=\"\"><\/div><\/div><\/a>\t\t<\/div>\r\n\r\n\t\t\t\t\t\r\n\t\t<div class=\"item\">\r\n\t\t\t<a class=\"text-left\"  aria-label=\"icon\" href=\"https:\/\/bermex.mx\/en\/reels\/#pix-tab-tulum\" target=\"\"><div id=\"duo-icon-82278006\" class=\"pix-icon text-left  vc_custom_1716491546357\"><div class=\"feature_img\"   style=\"width:90px;height:auto;display:inline-block;position:relative;\"><img style=\"width:90px;height:90px;\" class=\"img-fluid2 pix-fit-cover rounded-circle\" src=\"https:\/\/bermex.mx\/wp-content\/uploads\/2024\/01\/Captura-de-Pantalla-2024-01-03-a-las-17.44.14.png\" alt=\"\"><\/div><\/div><\/a>\t\t<\/div>\r\n\r\n\t\t\t\t\t\r\n\t\t<div class=\"item\">\r\n\t\t\t<a class=\"text-left\"  aria-label=\"icon\" href=\"https:\/\/bermex.mx\/en\/reels\/#pix-tab-vista-caribe\" target=\"\"><div id=\"duo-icon-119860467\" class=\"pix-icon text-left  vc_custom_1716491558163\"><div class=\"feature_img\"   style=\"width:90px;height:auto;display:inline-block;position:relative;\"><img style=\"width:90px;height:90px;\" class=\"img-fluid2 pix-fit-cover rounded-circle\" src=\"https:\/\/bermex.mx\/wp-content\/uploads\/2024\/01\/Captura-de-Pantalla-2024-01-03-a-las-17.59.36.png\" alt=\"\"><\/div><\/div><\/a>\t\t<\/div>\r\n\r\n\t\t\t\t\t\r\n\t\t<div class=\"item\">\r\n\t\t\t<a class=\"text-left\"  aria-label=\"icon\" href=\"https:\/\/bermex.mx\/en\/reels\/#pix-tab-chichenitza\" target=\"\"><div id=\"duo-icon-13604215\" class=\"pix-icon text-left  vc_custom_1716491571040\"><div class=\"feature_img\"   style=\"width:90px;height:auto;display:inline-block;position:relative;\"><img style=\"width:90px;height:90px;\" class=\"img-fluid2 pix-fit-cover rounded-circle\" src=\"https:\/\/bermex.mx\/wp-content\/uploads\/2024\/01\/Captura-de-Pantalla-2024-01-04-a-las-10.59.51.png\" alt=\"\"><\/div><\/div><\/a>\t\t<\/div>\r\n\r\n\t\t\t\t\t\r\n\t\t<div class=\"item\">\r\n\t\t\t<a class=\"text-left\"  aria-label=\"icon\" href=\"https:\/\/bermex.mx\/en\/#pix-tab-vuelo-helicoptero\" target=\"\"><div id=\"duo-icon-113218589\" class=\"pix-icon text-left  vc_custom_1716491608530\"><div class=\"feature_img\"   style=\"width:90px;height:auto;display:inline-block;position:relative;\"><img style=\"width:90px;height:90px;\" class=\"img-fluid2 pix-fit-cover rounded-circle\" src=\"https:\/\/bermex.mx\/wp-content\/uploads\/2024\/01\/Captura-de-Pantalla-2024-01-04-a-las-11.05.28.png\" alt=\"\"><\/div><\/div><\/a>\t\t<\/div>\r\n\r\n\t\t\t\t\t\r\n\t\t<div class=\"item\">\r\n\t\t\t<a class=\"text-left\"  aria-label=\"icon\" href=\"https:\/\/bermex.mx\/en\/reels\/#pix-tab-vehiculos\" target=\"\"><div id=\"duo-icon-139396267\" class=\"pix-icon text-left  vc_custom_1716491624287\"><div class=\"feature_img\"   style=\"width:90px;height:auto;display:inline-block;position:relative;\"><img style=\"width:90px;height:90px;\" class=\"img-fluid2 pix-fit-cover rounded-circle\" src=\"https:\/\/bermex.mx\/wp-content\/uploads\/2024\/01\/Captura-de-Pantalla-2024-01-04-a-las-11.12.35.png\" alt=\"\"><\/div><\/div><\/a>\t\t<\/div>\r\n\r\n\t\t\t\t\t\r\n\t\t<div class=\"item\">\r\n\t\t\t<a class=\"text-left\"  aria-label=\"icon\" href=\"https:\/\/bermex.mx\/en\/reels\/#pix-tab-experencia\" target=\"\"><div id=\"duo-icon-30307408\" class=\"pix-icon text-left  vc_custom_1716491636542\"><div class=\"feature_img\"   style=\"width:90px;height:auto;display:inline-block;position:relative;\"><img style=\"width:90px;height:90px;\" class=\"img-fluid2 pix-fit-cover rounded-circle\" src=\"https:\/\/bermex.mx\/wp-content\/uploads\/2024\/01\/Captura-de-Pantalla-2024-01-04-a-las-11.17.43.png\" alt=\"\"><\/div><\/div><\/a>\t\t<\/div>\r\n\r\n\t\t        <\/div>\r\n        <script type=\"text\/javascript\">\r\n        \tjQuery(document).ready(function ($) {\r\n        \t\t$('.unique-carousel-71').owlCarousel({\r\n        \t\t    margin:10,\r\n        \t\t    touchDrag:true,\r\n        \t\t    mouseDrag:true,\r\n        \t\t    animateIn: \"no-animation\",\r\n        \t\t    animateOut: \"no-animation\",\r\n        \t\t    video:true,\r\n        \t\t    videoWidth:true,\r\n        \t\t    videoHeight:300,\r\n        \t\t    loop:true,\r\n        \t\t    slideBy:1,\r\n        \t\t    autoplay:true, \r\n        \t\t    nav:false,\r\n        \t\t    dots:false,\r\n        \t\t    navText:[\"<div class='nav-btn prev-slide'><\/div>\",\"<div class='nav-btn next-slide'><\/div>\"],\r\n        \t\t    responsive:{\r\n        \t\t        0:{\r\n        \t\t            items:4        \t\t        },\r\n        \t\t        600:{\r\n        \t\t            items:6        \t\t        },\r\n        \t\t        1000:{\r\n        \t\t            items:9        \t\t        }\r\n        \t\t    }\r\n        \t\t});\r\n        \t});\r\n        <\/script>\r\n\r\n        <\/div><\/div><\/div><\/div><div class=\"vc_row-full-width vc_clearfix\"><\/div><div class=\"vc_row wpb_row vc_row-fluid vc_row_visible vc_custom_1711496167277 vc_row-has-fill\"><div class=\"wpb_column vc_column_container vc_col-sm-12 vc_col-md-offset-4 vc_col-md-4 text-left\"><div class=\"vc_column-inner\"><div class=\"wpb_wrapper\"><div id=\"pix-el-slider-videos\" class=\"\"><div class=\"pix_tabs_container pix-waiting\" data-icons-pos=\"\"><div class=\"nav  nav-pills pix_tabs_btns justify-content-center  pix-pills-1 mb-4\" data-anim-type=\"\" role=\"tablist\" data-anim-delay=\"0\" id=\"v-pills-tab\"  aria-orientation=\"vertical\"><div class=\"nav-item\"><a class=\"nav-link pix-tabs-btn text-24 pix-px-25 py-1 py-md-2 my-2 font-weight-bold\" data-id=\"cancun-holbox\" role=\"tab\" id=\"pix-tab-btn-cancun-holbox\" data-toggle=\"pill\" href=\"#pix-tab-cancun-holbox\"  aria-controls=\"pix-tab-cancun-holbox\">Canc\u00fan-Holbox<\/a><\/div><div class=\"nav-item\"><a class=\"nav-link pix-tabs-btn text-24 pix-px-25 py-1 py-md-2 my-2 font-weight-bold\" data-id=\"cancun\" role=\"tab\" id=\"pix-tab-btn-cancun\" data-toggle=\"pill\" href=\"#pix-tab-cancun\"  aria-controls=\"pix-tab-cancun\">Cancun<\/a><\/div><div class=\"nav-item\"><a class=\"nav-link pix-tabs-btn text-24 pix-px-25 py-1 py-md-2 my-2 font-weight-bold\" data-id=\"vuelo-holbox\" role=\"tab\" id=\"pix-tab-btn-vuelo-holbox\" data-toggle=\"pill\" href=\"#pix-tab-vuelo-holbox\"  aria-controls=\"pix-tab-vuelo-holbox\">Vuelo holbox<\/a><\/div><div class=\"nav-item\"><a class=\"nav-link pix-tabs-btn text-24 pix-px-25 py-1 py-md-2 my-2 font-weight-bold\" data-id=\"tulum\" role=\"tab\" id=\"pix-tab-btn-tulum\" data-toggle=\"pill\" href=\"#pix-tab-tulum\"  aria-controls=\"pix-tab-tulum\">tulum<\/a><\/div><div class=\"nav-item\"><a class=\"nav-link pix-tabs-btn text-24 pix-px-25 py-1 py-md-2 my-2 font-weight-bold\" data-id=\"vista-caribe\" role=\"tab\" id=\"pix-tab-btn-vista-caribe\" data-toggle=\"pill\" href=\"#pix-tab-vista-caribe\"  aria-controls=\"pix-tab-vista-caribe\">vista-caribe<\/a><\/div><div class=\"nav-item\"><a class=\"nav-link pix-tabs-btn text-24 pix-px-25 py-1 py-md-2 my-2 font-weight-bold\" data-id=\"chichenitza\" role=\"tab\" id=\"pix-tab-btn-chichenitza\" data-toggle=\"pill\" href=\"#pix-tab-chichenitza\"  aria-controls=\"pix-tab-chichenitza\">chichenitza<\/a><\/div><div class=\"nav-item\"><a class=\"nav-link pix-tabs-btn text-24 pix-px-25 py-1 py-md-2 my-2 font-weight-bold\" data-id=\"vuelo-helicoptero\" role=\"tab\" id=\"pix-tab-btn-vuelo-helicoptero\" data-toggle=\"pill\" href=\"#pix-tab-vuelo-helicoptero\"  aria-controls=\"pix-tab-vuelo-helicoptero\">chichenitza<\/a><\/div><div class=\"nav-item\"><a class=\"nav-link pix-tabs-btn text-24 pix-px-25 py-1 py-md-2 my-2 font-weight-bold\" data-id=\"vehiculos\" role=\"tab\" id=\"pix-tab-btn-vehiculos\" data-toggle=\"pill\" href=\"#pix-tab-vehiculos\"  aria-controls=\"pix-tab-vehiculos\">vehiculos<\/a><\/div><div class=\"nav-item\"><a class=\"nav-link pix-tabs-btn text-24 pix-px-25 py-1 py-md-2 my-2 font-weight-bold\" data-id=\"experencia\" role=\"tab\" id=\"pix-tab-btn-experencia\" data-toggle=\"pill\" href=\"#pix-tab-experencia\"  aria-controls=\"pix-tab-experencia\">vehiculos<\/a><\/div><\/div><div class=\"pix_tabs_content\" data-anim-type=\"\" data-anim-delay=\"0\"><div class=\"tab-content\"><div class=\"tab-pane fade-up show   vc_custom_1710956156274\" role=\"tabpanel\" data-toggle2=\"tab\" id=\"pix-tab-cancun-holbox\" data-bold=\"font-weight-bold\" data-italic=\"\" data-secondary=\"secondary-font\" data-id=\"cancun-holbox\" data-icon=\"\" data-title=\"Canc\u00fan-Holbox\" aria-labelledby=\"pix-tab-cancun-holbox\"><div class=\"d-flex w-100 pix-h-auto justify-content-center\"><div  style=\"\" class=\"text-left d-inline-block rounded-xl\"  ><video class=\"pix-video-bg-element d-block pix-bg-image2 rounded-xl bg-video\" width=\"auto\" height=\"100%\" preload=\"metadata\"   autoplay muted playsinline loop>\n\t\t\t\t\t\t\t<source src=\"https:\/\/bermex.mx\/wp-content\/uploads\/2024\/01\/Cancun-Holbox.mp4\" type=\"video\/mp4\" \/>\n\t\t\t\t\t\t\tYour browser does not support the video tag. \n\t\t\t\t\t\t\t<\/video><\/div><\/div><\/div><div class=\"tab-pane fade-up show   vc_custom_1704324411312\" role=\"tabpanel\" data-toggle2=\"tab\" id=\"pix-tab-cancun\" data-bold=\"font-weight-bold\" data-italic=\"\" data-secondary=\"secondary-font\" data-id=\"cancun\" data-icon=\"\" data-title=\"Cancun\" aria-labelledby=\"pix-tab-cancun\"><div class=\"d-flex w-100 pix-h-auto justify-content-center\"><div  style=\"\" class=\"text-left d-inline-block rounded-xl\"  ><video class=\"pix-video-bg-element d-block pix-bg-image2 rounded-xl bg-video\" width=\"auto\" height=\"100%\" preload=\"metadata\"   autoplay muted playsinline loop>\n\t\t\t\t\t\t\t<source src=\"https:\/\/bermex.mx\/wp-content\/uploads\/2024\/01\/Cancun.mp4\" type=\"video\/mp4\" \/>\n\t\t\t\t\t\t\tYour browser does not support the video tag. \n\t\t\t\t\t\t\t<\/video><\/div><\/div><\/div><div class=\"tab-pane fade-up show   vc_custom_1704325729000\" role=\"tabpanel\" data-toggle2=\"tab\" id=\"pix-tab-vuelo-holbox\" data-bold=\"font-weight-bold\" data-italic=\"\" data-secondary=\"secondary-font\" data-id=\"vuelo-holbox\" data-icon=\"\" data-title=\"Vuelo holbox\" aria-labelledby=\"pix-tab-vuelo-holbox\"><div class=\"d-flex w-100 pix-h-auto justify-content-center\"><div  style=\"\" class=\"text-left d-inline-block rounded-xl\"  ><video class=\"pix-video-bg-element d-block pix-bg-image2 rounded-xl bg-video\" width=\"auto\" height=\"100%\" preload=\"metadata\"   autoplay muted playsinline loop>\n\t\t\t\t\t\t\t<source src=\"https:\/\/bermex.mx\/wp-content\/uploads\/2024\/01\/Vuelo-holbox.mp4\" type=\"video\/mp4\" \/>\n\t\t\t\t\t\t\tYour browser does not support the video tag. \n\t\t\t\t\t\t\t<\/video><\/div><\/div><\/div><div class=\"tab-pane fade-up show   vc_custom_1704326813371\" role=\"tabpanel\" data-toggle2=\"tab\" id=\"pix-tab-tulum\" data-bold=\"font-weight-bold\" data-italic=\"\" data-secondary=\"secondary-font\" data-id=\"tulum\" data-icon=\"\" data-title=\"tulum\" aria-labelledby=\"pix-tab-tulum\"><div class=\"d-flex w-100 pix-h-auto justify-content-center\"><div  style=\"\" class=\"text-left d-inline-block rounded-xl\"  ><video class=\"pix-video-bg-element d-block pix-bg-image2 rounded-xl bg-video\" width=\"auto\" height=\"100%\" preload=\"metadata\"   autoplay muted playsinline loop>\n\t\t\t\t\t\t\t<source src=\"https:\/\/bermex.mx\/wp-content\/uploads\/2024\/01\/Tulum.mp4\" type=\"video\/mp4\" \/>\n\t\t\t\t\t\t\tYour browser does not support the video tag. \n\t\t\t\t\t\t\t<\/video><\/div><\/div><\/div><div class=\"tab-pane fade-up show   vc_custom_1704326860137\" role=\"tabpanel\" data-toggle2=\"tab\" id=\"pix-tab-vista-caribe\" data-bold=\"font-weight-bold\" data-italic=\"\" data-secondary=\"secondary-font\" data-id=\"vista-caribe\" data-icon=\"\" data-title=\"vista-caribe\" aria-labelledby=\"pix-tab-vista-caribe\"><div class=\"d-flex w-100 pix-h-auto justify-content-center\"><div  style=\"\" class=\"text-left d-inline-block rounded-xl\"  ><video class=\"pix-video-bg-element d-block pix-bg-image2 rounded-xl bg-video\" width=\"auto\" height=\"100%\" preload=\"metadata\"   autoplay muted playsinline loop>\n\t\t\t\t\t\t\t<source src=\"https:\/\/bermex.mx\/wp-content\/uploads\/2024\/01\/Vista-caribe.mp4\" type=\"video\/mp4\" \/>\n\t\t\t\t\t\t\tYour browser does not support the video tag. \n\t\t\t\t\t\t\t<\/video><\/div><\/div><\/div><div class=\"tab-pane fade-up show   vc_custom_1704387510933\" role=\"tabpanel\" data-toggle2=\"tab\" id=\"pix-tab-chichenitza\" data-bold=\"font-weight-bold\" data-italic=\"\" data-secondary=\"secondary-font\" data-id=\"chichenitza\" data-icon=\"\" data-title=\"chichenitza\" aria-labelledby=\"pix-tab-chichenitza\"><div class=\"d-flex w-100 pix-h-auto justify-content-center\"><div  style=\"\" class=\"text-left d-inline-block rounded-xl\"  ><video class=\"pix-video-bg-element d-block pix-bg-image2 rounded-xl bg-video\" width=\"auto\" height=\"100%\" preload=\"metadata\"   autoplay muted playsinline loop>\n\t\t\t\t\t\t\t<source src=\"https:\/\/bermex.mx\/wp-content\/uploads\/2024\/01\/chichenitza.mp4\" type=\"video\/mp4\" \/>\n\t\t\t\t\t\t\tYour browser does not support the video tag. \n\t\t\t\t\t\t\t<\/video><\/div><\/div><\/div><div class=\"tab-pane fade-up show   vc_custom_1704388965516\" role=\"tabpanel\" data-toggle2=\"tab\" id=\"pix-tab-vuelo-helicoptero\" data-bold=\"font-weight-bold\" data-italic=\"\" data-secondary=\"secondary-font\" data-id=\"vuelo-helicoptero\" data-icon=\"\" data-title=\"chichenitza\" aria-labelledby=\"pix-tab-vuelo-helicoptero\"><div class=\"d-flex w-100 pix-h-auto justify-content-center\"><div  style=\"\" class=\"text-left d-inline-block rounded-xl\"  ><video class=\"pix-video-bg-element d-block pix-bg-image2 rounded-xl bg-video\" width=\"auto\" height=\"100%\" preload=\"metadata\"   autoplay muted playsinline loop>\n\t\t\t\t\t\t\t<source src=\"https:\/\/bermex.mx\/wp-content\/uploads\/2024\/01\/vuelo-helicoptero.mp4\" type=\"video\/mp4\" \/>\n\t\t\t\t\t\t\tYour browser does not support the video tag. \n\t\t\t\t\t\t\t<\/video><\/div><\/div><\/div><div class=\"tab-pane fade-up show   vc_custom_1704388288459\" role=\"tabpanel\" data-toggle2=\"tab\" id=\"pix-tab-vehiculos\" data-bold=\"font-weight-bold\" data-italic=\"\" data-secondary=\"secondary-font\" data-id=\"vehiculos\" data-icon=\"\" data-title=\"vehiculos\" aria-labelledby=\"pix-tab-vehiculos\"><div class=\"d-flex w-100 pix-h-auto justify-content-center\"><div  style=\"\" class=\"text-left d-inline-block rounded-xl\"  ><video class=\"pix-video-bg-element d-block pix-bg-image2 rounded-xl bg-video\" width=\"auto\" height=\"100%\" preload=\"metadata\"   autoplay muted playsinline loop>\n\t\t\t\t\t\t\t<source src=\"https:\/\/bermex.mx\/wp-content\/uploads\/2024\/01\/vehiculos.mp4\" type=\"video\/mp4\" \/>\n\t\t\t\t\t\t\tYour browser does not support the video tag. \n\t\t\t\t\t\t\t<\/video><\/div><\/div><\/div><div class=\"tab-pane fade-up show   vc_custom_1704388735277\" role=\"tabpanel\" data-toggle2=\"tab\" id=\"pix-tab-experencia\" data-bold=\"font-weight-bold\" data-italic=\"\" data-secondary=\"secondary-font\" data-id=\"experencia\" data-icon=\"\" data-title=\"vehiculos\" aria-labelledby=\"pix-tab-experencia\"><div class=\"d-flex w-100 pix-h-auto justify-content-center\"><div  style=\"\" class=\"text-left d-inline-block rounded-xl\"  ><video class=\"pix-video-bg-element d-block pix-bg-image2 rounded-xl bg-video\" width=\"auto\" height=\"100%\" preload=\"metadata\"   autoplay muted playsinline loop>\n\t\t\t\t\t\t\t<source src=\"https:\/\/bermex.mx\/wp-content\/uploads\/2024\/01\/experencia.mp4\" type=\"video\/mp4\" \/>\n\t\t\t\t\t\t\tYour browser does not support the video tag. \n\t\t\t\t\t\t\t<\/video><\/div><\/div><\/div><\/div><\/div><\/div><\/div><\/div><\/div><\/div><\/div><\/section><div class=\"vc_row-full-width vc_clearfix\"><\/div>\n<\/section>","protected":false},"excerpt":{"rendered":"Join the elitesReels&#32; Explora nuestra exclusiva secci\u00f3n de Reels y sum\u00e9rgete en la esencia de tus experiencias con Bermex. Canc\u00fan-HolboxCancunVuelo holboxtulumvista-caribechichenitzachichenitzavehiculosvehiculos Your browser does not support the video tag. Your browser does not support the video tag. Your browser does...","protected":false},"author":1,"featured_media":0,"parent":0,"menu_order":0,"comment_status":"closed","ping_status":"closed","template":"","meta":{"footnotes":""},"_links":{"self":[{"href":"https:\/\/bermex.mx\/en\/wp-json\/wp\/v2\/pages\/3743"}],"collection":[{"href":"https:\/\/bermex.mx\/en\/wp-json\/wp\/v2\/pages"}],"about":[{"href":"https:\/\/bermex.mx\/en\/wp-json\/wp\/v2\/types\/page"}],"author":[{"embeddable":true,"href":"https:\/\/bermex.mx\/en\/wp-json\/wp\/v2\/users\/1"}],"replies":[{"embeddable":true,"href":"https:\/\/bermex.mx\/en\/wp-json\/wp\/v2\/comments?post=3743"}],"version-history":[{"count":112,"href":"https:\/\/bermex.mx\/en\/wp-json\/wp\/v2\/pages\/3743\/revisions"}],"predecessor-version":[{"id":24300,"href":"https:\/\/bermex.mx\/en\/wp-json\/wp\/v2\/pages\/3743\/revisions\/24300"}],"wp:attachment":[{"href":"https:\/\/bermex.mx\/en\/wp-json\/wp\/v2\/media?parent=3743"}],"curies":[{"name":"wp","href":"https:\/\/api.w.org\/{rel}","templated":true}]}}