{"id":24304,"date":"2024-07-06T19:20:57","date_gmt":"2024-07-06T19:20:57","guid":{"rendered":"https:\/\/bermex.mx\/es\/producto\/a-unico-transfer-from-aeropuerto-internacional-de-cancun-carretera-a-aeropuerto-cancun-cancun-quintana-roo-mexico-to-zona-hotelera-cancun-quintana-roo-mexico-on-23-07-2024-100\/"},"modified":"2024-07-06T19:20:57","modified_gmt":"2024-07-06T19:20:57","slug":"a-unico-transfer-from-aeropuerto-internacional-de-cancun-carretera-a-aeropuerto-cancun-cancun-quintana-roo-mexico-to-zona-hotelera-cancun-quintana-roo-mexico-on-23-07-2024-100","status":"publish","type":"product","link":"https:\/\/bermex.mx\/en\/product\/a-unico-transfer-from-aeropuerto-internacional-de-cancun-carretera-a-aeropuerto-cancun-cancun-quintana-roo-mexico-to-zona-hotelera-cancun-quintana-roo-mexico-on-23-07-2024-100\/","title":{"rendered":"A \u00ab\u00danico\u00bb transfer from \u00abAeropuerto Internacional de Canc\u00fan, Carretera a Aeropuerto Canc\u00fan, Canc\u00fan, Quintana Roo, M\u00e9xico\u00bb to \u00abZona Hotelera, Canc\u00fan, Quintana Roo, M\u00e9xico\u00bb, on \u00ab23-07-2024 1:00\u00bb"},"content":{"rendered":"","protected":false},"excerpt":{"rendered":"","protected":false},"featured_media":0,"template":"","meta":[],"product_cat":[28],"product_tag":[],"_links":{"self":[{"href":"https:\/\/bermex.mx\/en\/wp-json\/wp\/v2\/product\/24304"}],"collection":[{"href":"https:\/\/bermex.mx\/en\/wp-json\/wp\/v2\/product"}],"about":[{"href":"https:\/\/bermex.mx\/en\/wp-json\/wp\/v2\/types\/product"}],"wp:attachment":[{"href":"https:\/\/bermex.mx\/en\/wp-json\/wp\/v2\/media?parent=24304"}],"wp:term":[{"taxonomy":"product_cat","embeddable":true,"href":"https:\/\/bermex.mx\/en\/wp-json\/wp\/v2\/product_cat?post=24304"},{"taxonomy":"product_tag","embeddable":true,"href":"https:\/\/bermex.mx\/en\/wp-json\/wp\/v2\/product_tag?post=24304"}],"curies":[{"name":"wp","href":"https:\/\/api.w.org\/{rel}","templated":true}]}}