{"id":24320,"date":"2024-08-07T22:58:18","date_gmt":"2024-08-07T22:58:18","guid":{"rendered":"https:\/\/bermex.mx\/en\/product\/a-one-way-transfer-from-akumal-quintana-roo-mexico-to-aeropuerto-internacional-de-cancun-carretera-a-aeropuerto-cancun-cancun-quintana-roo-mexico-on-08-08-2024-100\/"},"modified":"2024-08-07T22:58:18","modified_gmt":"2024-08-07T22:58:18","slug":"a-one-way-transfer-from-akumal-quintana-roo-mexico-to-aeropuerto-internacional-de-cancun-carretera-a-aeropuerto-cancun-cancun-quintana-roo-mexico-on-08-08-2024-100","status":"publish","type":"product","link":"https:\/\/bermex.mx\/en\/product\/a-one-way-transfer-from-akumal-quintana-roo-mexico-to-aeropuerto-internacional-de-cancun-carretera-a-aeropuerto-cancun-cancun-quintana-roo-mexico-on-08-08-2024-100\/","title":{"rendered":" A \u00abOne Way\u00bb transfer from \u00abAkumal, Quintana Roo, M\u00e9xico\u00bb to \u00abAeropuerto Internacional de Canc\u00fan, Carretera a Aeropuerto Canc\u00fan, Canc\u00fan, Quintana Roo, M\u00e9xico\u00bb, on \u00ab08-08-2024 1:00&#8243;"},"content":{"rendered":"","protected":false},"excerpt":{"rendered":"","protected":false},"featured_media":0,"template":"","meta":[],"product_cat":[28],"product_tag":[],"_links":{"self":[{"href":"https:\/\/bermex.mx\/en\/wp-json\/wp\/v2\/product\/24320"}],"collection":[{"href":"https:\/\/bermex.mx\/en\/wp-json\/wp\/v2\/product"}],"about":[{"href":"https:\/\/bermex.mx\/en\/wp-json\/wp\/v2\/types\/product"}],"wp:attachment":[{"href":"https:\/\/bermex.mx\/en\/wp-json\/wp\/v2\/media?parent=24320"}],"wp:term":[{"taxonomy":"product_cat","embeddable":true,"href":"https:\/\/bermex.mx\/en\/wp-json\/wp\/v2\/product_cat?post=24320"},{"taxonomy":"product_tag","embeddable":true,"href":"https:\/\/bermex.mx\/en\/wp-json\/wp\/v2\/product_tag?post=24320"}],"curies":[{"name":"wp","href":"https:\/\/api.w.org\/{rel}","templated":true}]}}